{"id":89,"date":"2019-08-16T15:02:36","date_gmt":"2019-08-16T15:02:36","guid":{"rendered":"http:\/\/35.192.58.255\/?page_id=89"},"modified":"2019-11-03T10:17:55","modified_gmt":"2019-11-03T10:17:55","slug":"home","status":"publish","type":"page","link":"https:\/\/nonna-rosa.it\/","title":{"rendered":"Nonna Rosa"},"content":{"rendered":"<p>[vc_row][vc_column][vc_empty_space height=&#8221;50&#8243;][vc_single_image image=&#8221;334&#8243; img_size=&#8221;full&#8221; alignment=&#8221;center&#8221;][vc_empty_space height=&#8221;30&#8243;][\/vc_column][\/vc_row][vc_row][vc_column width=&#8221;1\/2&#8243;][vc_single_image image=&#8221;348&#8243; img_size=&#8221;full&#8221; alignment=&#8221;center&#8221;][vc_row_inner][vc_column_inner width=&#8221;1\/4&#8243;][\/vc_column_inner][vc_column_inner width=&#8221;3\/4&#8243;][vc_empty_space height=&#8221;30&#8243;][vc_single_image image=&#8221;347&#8243; img_size=&#8221;full&#8221; el_class=&#8221;.bordered&#8221;][vc_empty_space height=&#8221;30px&#8221;][\/vc_column_inner][\/vc_row_inner][\/vc_column][vc_column width=&#8221;1\/2&#8243;][vc_row_inner][vc_column_inner width=&#8221;1\/2&#8243;][vc_empty_space height=&#8221;200&#8243;][vc_column_text]<\/p>\n<h4 class=\"_1xue6ur\">La casa pi\u00f9 straordinaria del mondo \u00e8 quella della Nonna<\/h4>\n<p>[\/vc_column_text][vc_empty_space height=&#8221;15&#8243;][vc_column_text]<\/p>\n<h3>Nella campagna di Norcia immersa nella quiete della natura<\/h3>\n<p>[\/vc_column_text][vc_empty_space height=&#8221;15&#8243;][vc_column_text]<\/p>\n<p style=\"text-align: left;\">Ospitale casa di campagna a pochi minuti da Norcia, circondata dalla quiete straordinaria e dalla natura incontaminata del Parco Nazionale dei Monti Sibillini. Il casale il cui nome onora quello della padrona di casa, \u00e8 gestito con garbo e squisito senso dell\u2019ospitalit\u00e0, rispecchiando la filosofia del Bed &amp; Breakfast di campagna, dove non mancano l\u2019atmosfera e la genuinit\u00e0 delle tradizioni umbre. Federica e la sua famiglia offrono ai loro ospiti un&#8217;accoglienza semplice, ma allo stesso tempo attenta ai particolari. Nonna Rosa \u00e8 vissuta qui per pi\u00f9 di 85 anni, dedicandosi al suo orto e ad altre attivit\u00e0 legate al mondo agricolo. Con i suoi aneddoti e racconti di altri tempi ha saputo rallegrare i soggiorni degli ospiti, nonch\u00e9 trasmettere a sua nipote il piacere dell\u2019ospitalit\u00e0 tipica della cultura contadina.<\/p>\n<p>[\/vc_column_text][\/vc_column_inner][vc_column_inner width=&#8221;1\/2&#8243;][\/vc_column_inner][\/vc_row_inner][\/vc_column][\/vc_row][vc_row][vc_column][vc_empty_space height=&#8221;200px&#8221;][\/vc_column][\/vc_row]<\/p>\n","protected":false},"excerpt":{"rendered":"<p>[vc_row][vc_column][vc_empty_space height=&#8221;50&#8243;][vc_single_image image=&#8221;334&#8243; img_size=&#8221;full&#8221; alignment=&#8221;center&#8221;][vc_empty_space height=&#8221;30&#8243;][\/vc_column][\/vc_row][vc_row][vc_column width=&#8221;1\/2&#8243;][vc_single_image image=&#8221;348&#8243; img_size=&#8221;full&#8221; alignment=&#8221;center&#8221;][vc_row_inner][vc_column_inner width=&#8221;1\/4&#8243;][\/vc_column_inner][vc_column_inner width=&#8221;3\/4&#8243;][vc_empty_space height=&#8221;30&#8243;][vc_single_image image=&#8221;347&#8243; img_size=&#8221;full&#8221; el_class=&#8221;.bordered&#8221;][vc_empty_space height=&#8221;30px&#8221;][\/vc_column_inner][\/vc_row_inner][\/vc_column][vc_column width=&#8221;1\/2&#8243;][vc_row_inner][vc_column_inner width=&#8221;1\/2&#8243;][vc_empty_space height=&#8221;200&#8243;][vc_column_text] La casa pi\u00f9 straordinaria del mondo \u00e8 quella della Nonna [\/vc_column_text][vc_empty_space height=&#8221;15&#8243;][vc_column_text] Nella campagna di Norcia immersa nella quiete della natura [\/vc_column_text][vc_empty_space height=&#8221;15&#8243;][vc_column_text] Ospitale casa di campagna a pochi minuti da Norcia, circondata dalla quiete &hellip;<\/p>\n","protected":false},"author":1,"featured_media":0,"parent":0,"menu_order":0,"comment_status":"closed","ping_status":"closed","template":"","meta":{"spay_email":""},"_links":{"self":[{"href":"https:\/\/nonna-rosa.it\/index.php\/wp-json\/wp\/v2\/pages\/89"}],"collection":[{"href":"https:\/\/nonna-rosa.it\/index.php\/wp-json\/wp\/v2\/pages"}],"about":[{"href":"https:\/\/nonna-rosa.it\/index.php\/wp-json\/wp\/v2\/types\/page"}],"author":[{"embeddable":true,"href":"https:\/\/nonna-rosa.it\/index.php\/wp-json\/wp\/v2\/users\/1"}],"replies":[{"embeddable":true,"href":"https:\/\/nonna-rosa.it\/index.php\/wp-json\/wp\/v2\/comments?post=89"}],"version-history":[{"count":143,"href":"https:\/\/nonna-rosa.it\/index.php\/wp-json\/wp\/v2\/pages\/89\/revisions"}],"predecessor-version":[{"id":352,"href":"https:\/\/nonna-rosa.it\/index.php\/wp-json\/wp\/v2\/pages\/89\/revisions\/352"}],"wp:attachment":[{"href":"https:\/\/nonna-rosa.it\/index.php\/wp-json\/wp\/v2\/media?parent=89"}],"curies":[{"name":"wp","href":"https:\/\/api.w.org\/{rel}","templated":true}]}}